{"id":5086,"date":"2024-07-02T17:30:05","date_gmt":"2024-07-02T16:30:05","guid":{"rendered":"https:\/\/security-ceo.com\/?page_id=5086"},"modified":"2024-07-02T17:30:05","modified_gmt":"2024-07-02T16:30:05","slug":"electric-gates-systems","status":"publish","type":"page","link":"https:\/\/security-ceo.com\/lt\/electric-gates-systems\/","title":{"rendered":"Electric Gates Systems"},"content":{"rendered":"<div class=\"wpb-content-wrapper\"><div class=\"vc_row wpb_row row top-row wpb_custom_034b39d9bc6c6b310d69e39f0ccf274f\"><div class=\"vc_column_container col-md-12\"><div class=\"wpb_wrapper vc_column-inner\"><h2  class=\"vc_custom_heading vc_do_custom_heading wpb_custom_aa365bd5046e8294520b4e73732b9d15 align-left\" ><strong>Electric Gates Systems<\/strong><\/h2><\/div><\/div><\/div><div class=\"vc_row wpb_row row top-row wpb_custom_034b39d9bc6c6b310d69e39f0ccf274f\"><div class=\"vc_column_container col-md-12 col-lg-10 col-12\"><div class=\"wpb_wrapper vc_column-inner\">\r\n\t<div class=\"wpb_text_column wpb_content_element featured lead wpb_custom_7c91d232724f73626cc933bd95b25ff0\" >\r\n\t\t<div class=\"wpb_wrapper\">\r\n\t\t\t<p>Electric gate systems are automated solutions designed to control access to a property by using electric motors to open and close gates. These systems offer convenience, security, and aesthetic appeal, enhancing the overall safety and value of residential, commercial, and industrial properties. Electric gates can be operated remotely via keypads, remote controls, smartphones, or integration with other security systems, providing a seamless and secure entry experience.<\/p>\n\r\n\t\t<\/div>\r\n\t<\/div>\r\n<\/div><\/div><div class=\"push-top vc_column_container col-md-12 col-lg-2 col-12\"><div class=\"wpb_wrapper vc_column-inner\"><div class=\"vc_btn3-container vc_btn3-inline vc_do_btn\" >\r\n\t<a class=\"vc_btn3 vc_btn3-shape-default wpb_custom_6687b26f39488ddbb85ddb3c1ce8e111 btn btn-lg btn-primary\" href=\"#form-seperator\" title=\"\">Susisiekite!<\/a>\t<\/div>\r\n<div class=\"vc_empty_space\"   style=\"height: 32px\"><span class=\"vc_empty_space_inner\"><\/span><\/div><\/div><\/div><\/div><div class=\"vc_row wpb_row row top-row wpb_custom_034b39d9bc6c6b310d69e39f0ccf274f\"><div class=\"vc_column_container col-md-12\"><div class=\"wpb_wrapper vc_column-inner\"><div class=\"porto-separator tall\"><hr class=\"separator-line  wpb_content_element align_center\"><\/div><\/div><\/div><\/div><div class=\"vc_row wpb_row row top-row wpb_custom_034b39d9bc6c6b310d69e39f0ccf274f\"><div class=\"vc_column_container col-md-3\"><div class=\"wpb_wrapper vc_column-inner\"><div class=\"porto-content-box featured-boxes wpb_content_element\"><div class=\"featured-box featured-box-primary featured-box-effect-1\"><div class=\"box-content\" style=\"\"><i class=\"icon-featured fas fa-eye\"><\/i>\r\n\t<div class=\"wpb_text_column wpb_content_element wpb_custom_7c91d232724f73626cc933bd95b25ff0\" >\r\n\t\t<div class=\"wpb_wrapper\">\r\n\t\t\t<h4 class=\"text-uppercase\">Intercom Systems<\/h4>\n<p>Enables communication between visitors and property owners, enhancing security by allowing verification of visitors before granting access.<\/p>\n\r\n\t\t<\/div>\r\n\t<\/div>\r\n<\/div><\/div><\/div><\/div><\/div><div class=\"vc_column_container col-md-3\"><div class=\"wpb_wrapper vc_column-inner\"><div class=\"porto-content-box featured-boxes wpb_content_element\"><div class=\"featured-box featured-box-secondary featured-box-effect-1\"><div class=\"box-content\" style=\"\"><i class=\"icon-featured fas fa-running\"><\/i>\r\n\t<div class=\"wpb_text_column wpb_content_element wpb_custom_7c91d232724f73626cc933bd95b25ff0\" >\r\n\t\t<div class=\"wpb_wrapper\">\r\n\t\t\t<h4 class=\"text-uppercase\">Safety Sensors<\/h4>\n<p>Includes infrared or pressure sensors that detect obstacles in the gate&#8217;s path, preventing accidents and ensuring safe operation.<\/p>\n\r\n\t\t<\/div>\r\n\t<\/div>\r\n<\/div><\/div><\/div><\/div><\/div><div class=\"vc_column_container col-md-3\"><div class=\"wpb_wrapper vc_column-inner\"><div class=\"porto-content-box featured-boxes wpb_content_element\"><div class=\"featured-box featured-box-tertiary featured-box-effect-1\"><div class=\"box-content\" style=\"\"><i class=\"icon-featured fas fa-laptop\"><\/i>\r\n\t<div class=\"wpb_text_column wpb_content_element wpb_custom_7c91d232724f73626cc933bd95b25ff0\" >\r\n\t\t<div class=\"wpb_wrapper\">\r\n\t\t\t<h4 class=\"text-uppercase\">Automatic Gate Openers<\/h4>\n<p>Equipped with electric motors that automatically open and close the gates, eliminating the need for manual operation.<\/p>\n\r\n\t\t<\/div>\r\n\t<\/div>\r\n<\/div><\/div><\/div><\/div><\/div><div class=\"vc_column_container col-md-3\"><div class=\"wpb_wrapper vc_column-inner\"><div class=\"porto-content-box featured-boxes wpb_content_element\"><div class=\"featured-box featured-box-quaternary featured-box-effect-1\"><div class=\"box-content\" style=\"\"><i class=\"icon-featured fa fa-cogs\"><\/i>\r\n\t<div class=\"wpb_text_column wpb_content_element wpb_custom_7c91d232724f73626cc933bd95b25ff0\" >\r\n\t\t<div class=\"wpb_wrapper\">\r\n\t\t\t<h4 class=\"text-uppercase\">Programmable Timers<\/h4>\n<p>Allows scheduling of gate operations to open and close at specific times, enhancing security and convenience.<\/p>\n\r\n\t\t<\/div>\r\n\t<\/div>\r\n<\/div><\/div><\/div><\/div><\/div><\/div><div class=\"vc_row wpb_row row top-row wpb_custom_034b39d9bc6c6b310d69e39f0ccf274f\"><div class=\"vc_column_container col-md-12\" id=\"form-seperator\"><div class=\"wpb_wrapper vc_column-inner\"><div class=\"porto-separator tall\"><hr class=\"separator-line  wpb_content_element align_center\"><\/div><\/div><\/div><\/div><div class=\"vc_row wpb_row row top-row wpb_custom_034b39d9bc6c6b310d69e39f0ccf274f\"><div class=\"vc_column_container col-md-12\"><div class=\"wpb_wrapper vc_column-inner\">\n<div class=\"wpcf7 no-js\" id=\"wpcf7-f5061-o1\" lang=\"en-US\" dir=\"ltr\" data-wpcf7-id=\"5061\">\n<div class=\"screen-reader-response\"><p role=\"status\" aria-live=\"polite\" aria-atomic=\"true\"><\/p> <ul><\/ul><\/div>\n<form action=\"\/lt\/wp-json\/wp\/v2\/pages\/5086#wpcf7-f5061-o1\" method=\"post\" class=\"wpcf7-form init\" aria-label=\"Contact form\" novalidate=\"novalidate\" data-status=\"init\" data-trp-original-action=\"\/lt\/wp-json\/wp\/v2\/pages\/5086#wpcf7-f5061-o1\">\n<fieldset class=\"hidden-fields-container\"><input type=\"hidden\" name=\"_wpcf7\" value=\"5061\" \/><input type=\"hidden\" name=\"_wpcf7_version\" value=\"6.1.5\" \/><input type=\"hidden\" name=\"_wpcf7_locale\" value=\"en_US\" \/><input type=\"hidden\" name=\"_wpcf7_unit_tag\" value=\"wpcf7-f5061-o1\" \/><input type=\"hidden\" name=\"_wpcf7_container_post\" value=\"0\" \/><input type=\"hidden\" name=\"_wpcf7_posted_data_hash\" value=\"\" \/>\n<\/fieldset>\n<h2 class=\"short\"><strong>Susisiekite<\/strong> Us<\/h2>\n<div class=\"row\">\n    <div class=\"col-lg-6\">\n        <div class=\"form-group\">\n            <label for=\"contact-name\">Vardas *<\/label>\n            <span class=\"wpcf7-form-control-wrap\" data-name=\"your-name\"><input size=\"40\" maxlength=\"400\" class=\"wpcf7-form-control wpcf7-text wpcf7-validates-as-required form-control\" id=\"contact-name\" aria-required=\"true\" aria-invalid=\"false\" value=\"\" type=\"text\" name=\"your-name\" \/><\/span>\n        <\/div>\n    <\/div>\n    <div class=\"col-lg-6\">\n        <div class=\"form-group\">\n            <label for=\"contact-email\">J\u016bs\u0173 elektroninio pa\u0161to adresas *<\/label>\n            <span class=\"wpcf7-form-control-wrap\" data-name=\"your-email\"><input size=\"40\" maxlength=\"400\" class=\"wpcf7-form-control wpcf7-email wpcf7-validates-as-required wpcf7-text wpcf7-validates-as-email form-control\" id=\"contact-email\" aria-required=\"true\" aria-invalid=\"false\" value=\"\" type=\"email\" name=\"your-email\" \/><\/span>\n        <\/div>\n    <\/div>\n    <div class=\"col-lg-12\">\n        <div class=\"form-group\">\n            <label for=\"selected-inquiries\">Paklausimai<\/label>\n<span class=\"wpcf7-form-control-wrap\" data-name=\"menu-167\"><select class=\"wpcf7-form-control wpcf7-select wpcf7-validates-as-required selected-inquiries\" id=\"selected-inquiries\" aria-required=\"true\" aria-invalid=\"false\" name=\"menu-167\"><option value=\"Electric Gates Systems\">Electric Gates Systems<\/option><\/select><\/span>\n        <\/div>\n    <\/div>\n    <div class=\"col-lg-12\">\n        <div class=\"form-group\">\n            <label for=\"contact-subject\">Tema<\/label>\n            <span class=\"wpcf7-form-control-wrap\" data-name=\"your-subject\"><input size=\"40\" maxlength=\"400\" class=\"wpcf7-form-control wpcf7-text form-control\" id=\"contact-subject\" aria-invalid=\"false\" value=\"\" type=\"text\" name=\"your-subject\" \/><\/span>\n        <\/div>\n    <\/div>\n    <div class=\"col-lg-12\">\n        <div class=\"form-group\">\n            <label for=\"contact-message\">J\u016bs\u0173 \u017einut\u0117<\/label>\n            <span class=\"wpcf7-form-control-wrap\" data-name=\"your-message\"><textarea cols=\"40\" rows=\"10\" maxlength=\"2000\" class=\"wpcf7-form-control wpcf7-textarea form-control\" id=\"contact-message\" aria-invalid=\"false\" name=\"your-message\"><\/textarea><\/span>\n        <\/div>\n    <\/div>\n\n    <div class=\"col-lg-12\">\n        <label for=\"contact-captcha\">\u017dmogaus patvirtinimas*<\/label>\n    <\/div>\n    <div class=\"col-lg-3\">\n        <div class=\"form-group\">\n            <span class=\"wpcf7-form-control-wrap\" data-name=\"your-captcha\"><input size=\"40\" class=\"wpcf7-form-control wpcf7-captchar form-control\" id=\"contact-captcha\" autocomplete=\"off\" aria-invalid=\"false\" value=\"\" type=\"text\" name=\"your-captcha\" \/><\/span>\n        <\/div>\n    <\/div>\n    <div class=\"col-lg-3\">\n        <div class=\"form-group\">\n            <input type=\"hidden\" name=\"_wpcf7_captcha_challenge_your-captcha\" value=\"1775341560\" \/><img decoding=\"async\" class=\"wpcf7-form-control wpcf7-captchac wpcf7-captcha-your-captcha\" width=\"72\" height=\"24\" alt=\"captcha\" src=\"https:\/\/security-ceo.com\/wp-content\/uploads\/wpcf7_captcha\/1775341560.png\" \/>\n        <\/div>\n    <\/div>\n\n    <div class=\"col-lg-12\">\n        <div class=\"form-group\">\n            <input class=\"wpcf7-form-control wpcf7-submit has-spinner btn btn-primary btn-lg\" type=\"submit\" value=\"Si\u0173sti \u017einut\u0119\" \/>\n        <\/div>\n    <\/div>\n<\/div><p style=\"display: none !important;\" class=\"akismet-fields-container\" data-prefix=\"_wpcf7_ak_\"><label>&#916;<textarea name=\"_wpcf7_ak_hp_textarea\" cols=\"45\" rows=\"8\" maxlength=\"100\"><\/textarea><\/label><input type=\"hidden\" id=\"ak_js_1\" name=\"_wpcf7_ak_js\" value=\"20\"\/><script>\ndocument.getElementById( \"ak_js_1\" ).setAttribute( \"value\", ( new Date() ).getTime() );\n<\/script>\n<\/p><div class=\"wpcf7-response-output\" aria-hidden=\"true\"><\/div>\n<input type=\"hidden\" name=\"trp-form-language\" value=\"lt\"\/><\/form>\n<\/div>\n<\/div><\/div><\/div>\n<\/div>","protected":false},"excerpt":{"rendered":"Electric Gates Systems Electric gate systems are automated solutions designed to control access to a property by using electric motors to open and close gates. These systems offer convenience, security, and aesthetic appeal, enhancing the overall safety and value of residential, commercial, and industrial properties. Electric gates can be operated remotely via keypads, remote controls, [...]","protected":false},"author":1,"featured_media":0,"parent":0,"menu_order":0,"comment_status":"closed","ping_status":"closed","template":"","meta":{"_acf_changed":false,"nf_dc_page":"","footnotes":""},"class_list":["post-5086","page","type-page","status-publish","hentry"],"acf":[],"_links":{"self":[{"href":"https:\/\/security-ceo.com\/lt\/wp-json\/wp\/v2\/pages\/5086","targetHints":{"allow":["GET"]}}],"collection":[{"href":"https:\/\/security-ceo.com\/lt\/wp-json\/wp\/v2\/pages"}],"about":[{"href":"https:\/\/security-ceo.com\/lt\/wp-json\/wp\/v2\/types\/page"}],"author":[{"embeddable":true,"href":"https:\/\/security-ceo.com\/lt\/wp-json\/wp\/v2\/users\/1"}],"replies":[{"embeddable":true,"href":"https:\/\/security-ceo.com\/lt\/wp-json\/wp\/v2\/comments?post=5086"}],"version-history":[{"count":1,"href":"https:\/\/security-ceo.com\/lt\/wp-json\/wp\/v2\/pages\/5086\/revisions"}],"predecessor-version":[{"id":5087,"href":"https:\/\/security-ceo.com\/lt\/wp-json\/wp\/v2\/pages\/5086\/revisions\/5087"}],"wp:attachment":[{"href":"https:\/\/security-ceo.com\/lt\/wp-json\/wp\/v2\/media?parent=5086"}],"curies":[{"name":"wp","href":"https:\/\/api.w.org\/{rel}","templated":true}]}}