{"id":5113,"date":"2024-07-02T19:53:34","date_gmt":"2024-07-02T18:53:34","guid":{"rendered":"https:\/\/security-ceo.com\/?page_id=5113"},"modified":"2025-09-15T11:33:49","modified_gmt":"2025-09-15T10:33:49","slug":"home-v2","status":"publish","type":"page","link":"https:\/\/security-ceo.com\/lt\/","title":{"rendered":"Home V2"},"content":{"rendered":"<div class=\"wpb-content-wrapper\"><div data-original=\"https:\/\/security-ceo.com\/wp-content\/uploads\/2025\/09\/1-pexels-chait-goli-1796715_86071c58-6d8c-4651-8aee-6845bb37ef12_1950x_optimized.webp?id=8129\" class=\"vc_row wpb_row top-row notransition vc_custom_1756878523867 no-padding vc_row-has-fill porto-inner-container porto-lazyload wpb_custom_034b39d9bc6c6b310d69e39f0ccf274f\"><div class=\"porto-wrap-container container\"><div class=\"row align-items-center\"><div class=\"col-sm-6 notransition vc_column_container col-md-12 col-lg-3 vc_custom_1719953280788\" data-appear-animation=\"fadeInUp\" data-appear-animation-delay=\"200\"><div class=\"wpb_wrapper vc_column-inner\">\r\n\t<div class=\"wpb_text_column wpb_content_element notransition wpb_custom_7c91d232724f73626cc933bd95b25ff0\" >\r\n\t\t<div class=\"wpb_wrapper\">\r\n\t\t\t<div style=\"background-color: #0000008a; padding: 12px 40px 12px 12px; border-radius: 10px; width: max-content;\">\n<h2 style=\"margin-bottom: 7px!important;\">Welcome to Security CEO<\/h2>\n<h4 style=\"color: #ffff!important;\">Leading security services provider<\/h4>\n<\/div>\n\r\n\t\t<\/div>\r\n\t<\/div>\r\n<\/div><\/div><\/div><\/div><\/div><div class=\"vc_row wpb_row row top-row vc_custom_1719954289624 no-padding text-center vc_row-has-fill vc_row-o-content-middle vc_row-flex wpb_custom_034b39d9bc6c6b310d69e39f0ccf274f\"><div class=\"vc_column_container col-md-3 text-center\"><div class=\"wpb_wrapper vc_column-inner\"><a aria-label=\"FutureSafe Technology\" class=\"porto-sicon-box-link\" href=\"\/lt\/futuresafe-technology\/\"><div class=\"porto-sicon-box px-3 px-xl-4  wpb_custom_159d2a3f73f0c9cdcf40db33f3c78e2b style_1 top-icon\"><div class=\"porto-sicon-top\"><div class=\"porto-just-icon-wrapper porto-icon none\" style=\"color:#cea33e;font-size:35px;\"><i class=\"porto-icon-cog-alt\"><\/i><\/div><\/div><div class=\"porto-sicon-header\"><h3 class=\"porto-sicon-title\" style=\"font-weight:700;font-size:1.25rem;color:#cea33e;line-height:1.2;\">FutureSafe Technology<\/h3><p style=\"font-weight:600;font-size:0.875rem;line-height:1;color:rgba(255,255,255,0.7);\">Your Lifeline in Emergencies<\/p><\/div> <!-- header --><\/div><!-- porto-sicon-box --><\/a><\/div><\/div><div class=\"vc_column_container col-md-3 text-center\"><div class=\"wpb_wrapper vc_column-inner\"><a aria-label=\"CCTV\" class=\"porto-sicon-box-link\" href=\"\/lt\/cctv\/\"><div class=\"porto-sicon-box  vc_custom_1720033711779 px-3 px-xl-4  wpb_custom_159d2a3f73f0c9cdcf40db33f3c78e2b style_1 top-icon\"><div class=\"porto-sicon-top\"><div class=\"porto-just-icon-wrapper porto-icon none\" style=\"color:#cea33e;font-size:35px;\"><i class=\"porto-icon-desktop\"><\/i><\/div><\/div><div class=\"porto-sicon-header\"><h3 class=\"porto-sicon-title\" style=\"font-weight:700;font-size:1.25rem;color:#cea33e;line-height:1.2;\">CCTV<\/h3><p style=\"font-weight:600;font-size:0.875rem;line-height:1;color:rgba(255,255,255,0.7);\">Advanced surveillance technologies<\/p><\/div> <!-- header --><\/div><!-- porto-sicon-box --><\/a><\/div><\/div><div class=\"vc_column_container col-md-3 text-center\"><div class=\"wpb_wrapper vc_column-inner\"><a aria-label=\"Fire Alarm\" class=\"porto-sicon-box-link\" href=\"\/lt\/fire-alarm\/\"><div class=\"porto-sicon-box  vc_custom_1720033722826 px-3 px-xl-4  wpb_custom_159d2a3f73f0c9cdcf40db33f3c78e2b style_1 top-icon\"><div class=\"porto-sicon-top\"><div class=\"porto-just-icon-wrapper porto-icon none\" style=\"color:#cea33e;font-size:35px;\"><i class=\"porto-icon-lifebuoy\"><\/i><\/div><\/div><div class=\"porto-sicon-header\"><h3 class=\"porto-sicon-title\" style=\"font-weight:700;font-size:1.25rem;color:#cea33e;line-height:1.2;\">Fire Alarm<\/h3><p style=\"font-weight:600;font-size:0.875rem;line-height:1;color:rgba(255,255,255,0.7);\">Crucial safety devices<\/p><\/div> <!-- header --><\/div><!-- porto-sicon-box --><\/a><\/div><\/div><div class=\"vc_column_container col-md-3 text-center\"><div class=\"wpb_wrapper vc_column-inner\"><a aria-label=\"Electrical Installation\" class=\"porto-sicon-box-link\" href=\"\/lt\/electrical-installation\/\"><div class=\"porto-sicon-box px-3 px-xl-4  wpb_custom_159d2a3f73f0c9cdcf40db33f3c78e2b style_1 top-icon\"><div class=\"porto-sicon-top\"><div class=\"porto-just-icon-wrapper porto-icon none\" style=\"color:#cea33e;font-size:35px;\"><i class=\"porto-icon-wrench\"><\/i><\/div><\/div><div class=\"porto-sicon-header\"><h3 class=\"porto-sicon-title\" style=\"font-weight:700;font-size:1.25rem;color:#cea33e;line-height:1.2;\">Electrical Installation<\/h3><p style=\"font-weight:600;font-size:0.875rem;line-height:1;color:rgba(255,255,255,0.7);\">Wiring, fixtures, and equipment necessary<\/p><\/div> <!-- header --><\/div><!-- porto-sicon-box --><\/a><\/div><\/div><\/div><div class=\"vc_row wpb_row row top-row vc_custom_1719954289624 no-padding text-center vc_row-has-fill vc_row-o-content-middle vc_row-flex wpb_custom_034b39d9bc6c6b310d69e39f0ccf274f\"><div class=\"vc_column_container col-md-12 text-center\"><div class=\"wpb_wrapper vc_column-inner\"><div class=\"porto-btn-ctn-center\"><a class=\"porto-btn  vc_custom_1719993119643 porto-adjust-bottom-margin porto-btn-large porto-btn-no-hover-bg   wpb_custom_9a3d3b0b0231d6ea2019ab5931908ee7  porto-btn-center\"  rel='' href = \"\/lt\/services\/\"  data-hover=\"#ffffff\" data-border-color=\"var(--porto-light-color)\" data-bg=\"var(--porto-primary-color)\" data-hover-bg=\"\" data-border-hover=\"#ffffff\" data-shadow-click=\"none\" data-shadow=\"\" style=\"border-radius:3px;border-width:3px;border-color:var(--porto-light-color);border-style:solid;background: var(--porto-primary-color);color: var(--porto-light-color);\"><span class=\"porto-btn-hover\"><\/span><span class=\"porto-btn-data porto-btn-text\" >ALL SERVICES<\/span><\/a><\/div><\/div><\/div><\/div><div class=\"vc_row wpb_row top-row vc_custom_1532333242680 porto-inner-container wpb_custom_034b39d9bc6c6b310d69e39f0ccf274f\"><div class=\"porto-wrap-container container\"><div class=\"row\"><div class=\"vc_column_container col-md-12\"><div class=\"wpb_wrapper vc_column-inner\"><h2 style=\"color: var(--porto-light-color);text-align: center\" class=\"vc_custom_heading vc_do_custom_heading wpb_custom_aa365bd5046e8294520b4e73732b9d15\" >Accessories Shop<\/h2><div class=\"woocommerce columns-4\"><ul class=\"products products-container grid has-ccols has-ccols-spacing ccols-xl-4 ccols-lg-3 ccols-md-3 ccols-sm-3 ccols-2 pwidth-lg-4 pwidth-md-3 pwidth-xs-2 pwidth-ls-1 is-shortcode\"\r\n\t data-cur_page=\"1\" data-max_page=\"1\" data-product_layout=\"product-outimage_aq_onimage\" role=\"none\">\r\n\r\n<li role=\"none\" class=\"product-col product-outimage_aq_onimage product type-product post-4346 status-publish first instock product_cat-key-fobs has-post-thumbnail featured taxable shipping-taxable purchasable product-type-simple\">\r\n<div class=\"product-inner\">\r\n\t\r\n\t<div class=\"product-image\">\r\n\r\n\t\t<a  href=\"https:\/\/security-ceo.com\/lt\/produktas\/keyfobnxpmifare\/\" aria-label=\"Go to product page\">\r\n\t\t\t<div class=\"inner\"><img decoding=\"async\" width=\"2560\" height=\"2560\" src=\"https:\/\/security-ceo.com\/wp-content\/uploads\/2023\/05\/CEO_Fob_1_001-scaled.jpg\" class=\"attachment-woocommerce_thumbnail size-woocommerce_thumbnail\" alt=\"Stainless Steel Frame, (White) with golden yellow logo\" \/><\/div>\t\t<\/a>\r\n\t\t\t<div class=\"links-on-image\">\r\n\t\t\t<div class=\"add-links-wrap\">\r\n\t<div class=\"add-links clearfix\">\r\n\t\t<a href=\"\/lt\/wp-json\/wp\/v2\/pages\/5113?add-to-cart=4346\" aria-describedby=\"woocommerce_loop_add_to_cart_link_describedby_4346\" data-quantity=\"1\" class=\"viewcart-style-2 button product_type_simple add_to_cart_button ajax_add_to_cart\" data-product_id=\"4346\" data-product_sku=\"00003-4\" aria-label=\"Add to cart: \u201cStainless Steel Frame, (White) with golden yellow logo\u201d\" rel=\"nofollow\" data-success_message=\"\u201cStainless Steel Frame, (White) with golden yellow logo\u201d has been added to your cart\" role=\"button\" data-no-translation=\"\" data-trp-gettext=\"\" data-no-translation-aria-label=\"\" data-no-translation-data-success_message=\"\">\u012e krep\u0161el\u012f<\/a>\t\t<span id=\"woocommerce_loop_add_to_cart_link_describedby_4346\" class=\"screen-reader-text\">\r\n\t\t\t<\/span>\r\n\t\t<div class=\"quickview\" data-id=\"4346\" title=\"Greita per\u017ei\u016bra\">Greita per\u017ei\u016bra<\/div>\t<\/div>\r\n\t<\/div>\r\n\t\t<\/div>\r\n\t\t\t<\/div>\r\n\r\n\t<div class=\"product-content\">\r\n\t\t<span class=\"category-list\"><a href=\"https:\/\/security-ceo.com\/lt\/produkto-kategorija\/key-fobs\/\" rel=\"tag\">Prieigos valdymo rakt\u0173 pakabukai<\/a><\/span>\r\n\t\t\t<a class=\"product-loop-title\"  href=\"https:\/\/security-ceo.com\/lt\/produktas\/keyfobnxpmifare\/\">\r\n\t<h3 class=\"woocommerce-loop-product__title\">Stainless Steel Frame, (White) with golden yellow logo<\/h3>\t<\/a>\r\n\t\r\n\t\t\n\t<span class=\"price\"><span class=\"woocommerce-Price-amount amount\"><bdi><span class=\"woocommerce-Price-currencySymbol\">&pound;<\/span>25.00<\/bdi><\/span> <small class=\"woocommerce-price-suffix\">+ VAT<\/small><\/span>\n\r\n\t\t\t<\/div>\r\n<\/div>\r\n\r\n<\/li>\r\n\r\n<li role=\"none\" class=\"product-col product-outimage_aq_onimage product type-product post-4351 status-publish instock product_cat-key-fobs has-post-thumbnail featured taxable shipping-taxable purchasable product-type-simple\">\r\n<div class=\"product-inner\">\r\n\t\r\n\t<div class=\"product-image\">\r\n\r\n\t\t<a  href=\"https:\/\/security-ceo.com\/lt\/produktas\/43098201005420802272e000020\/\" aria-label=\"Go to product page\">\r\n\t\t\t<div class=\"inner\"><img decoding=\"async\" width=\"2560\" height=\"2560\" src=\"https:\/\/security-ceo.com\/wp-content\/uploads\/2023\/05\/68A5130-copy-scaled.jpg\" class=\"attachment-woocommerce_thumbnail size-woocommerce_thumbnail\" alt=\"Marble-like(white)\" \/><\/div>\t\t<\/a>\r\n\t\t\t<div class=\"links-on-image\">\r\n\t\t\t<div class=\"add-links-wrap\">\r\n\t<div class=\"add-links clearfix\">\r\n\t\t<a href=\"\/lt\/wp-json\/wp\/v2\/pages\/5113?add-to-cart=4351\" aria-describedby=\"woocommerce_loop_add_to_cart_link_describedby_4351\" data-quantity=\"1\" class=\"viewcart-style-2 button product_type_simple add_to_cart_button ajax_add_to_cart\" data-product_id=\"4351\" data-product_sku=\"00002-4\" aria-label=\"Add to cart: \u201cMarble-like(white)\u201d\" rel=\"nofollow\" data-success_message=\"\u201cMarble-like(white)\u201d has been added to your cart\" role=\"button\" data-no-translation=\"\" data-trp-gettext=\"\" data-no-translation-aria-label=\"\" data-no-translation-data-success_message=\"\">\u012e krep\u0161el\u012f<\/a>\t\t<span id=\"woocommerce_loop_add_to_cart_link_describedby_4351\" class=\"screen-reader-text\">\r\n\t\t\t<\/span>\r\n\t\t<div class=\"quickview\" data-id=\"4351\" title=\"Greita per\u017ei\u016bra\">Greita per\u017ei\u016bra<\/div>\t<\/div>\r\n\t<\/div>\r\n\t\t<\/div>\r\n\t\t\t<\/div>\r\n\r\n\t<div class=\"product-content\">\r\n\t\t<span class=\"category-list\"><a href=\"https:\/\/security-ceo.com\/lt\/produkto-kategorija\/key-fobs\/\" rel=\"tag\">Prieigos valdymo rakt\u0173 pakabukai<\/a><\/span>\r\n\t\t\t<a class=\"product-loop-title\"  href=\"https:\/\/security-ceo.com\/lt\/produktas\/43098201005420802272e000020\/\">\r\n\t<h3 class=\"woocommerce-loop-product__title\">Marble-like(white)<\/h3>\t<\/a>\r\n\t\r\n\t\t\n\t<span class=\"price\"><span class=\"woocommerce-Price-amount amount\"><bdi><span class=\"woocommerce-Price-currencySymbol\">&pound;<\/span>25.00<\/bdi><\/span> <small class=\"woocommerce-price-suffix\">+ VAT<\/small><\/span>\n\r\n\t\t\t<\/div>\r\n<\/div>\r\n\r\n<\/li>\r\n\r\n<li role=\"none\" class=\"product-col product-outimage_aq_onimage product type-product post-4353 status-publish instock product_cat-key-fobs has-post-thumbnail featured taxable shipping-taxable purchasable product-type-simple\">\r\n<div class=\"product-inner\">\r\n\t\r\n\t<div class=\"product-image\">\r\n\r\n\t\t<a  href=\"https:\/\/security-ceo.com\/lt\/produktas\/43098201005420802272e000021\/\" aria-label=\"Go to product page\">\r\n\t\t\t<div class=\"inner\"><img decoding=\"async\" width=\"2560\" height=\"2560\" src=\"https:\/\/security-ceo.com\/wp-content\/uploads\/2023\/05\/68A5014-copy-scaled.jpg\" class=\"attachment-woocommerce_thumbnail size-woocommerce_thumbnail\" alt=\"Alligator-like(black)\" \/><\/div>\t\t<\/a>\r\n\t\t\t<div class=\"links-on-image\">\r\n\t\t\t<div class=\"add-links-wrap\">\r\n\t<div class=\"add-links clearfix\">\r\n\t\t<a href=\"\/lt\/wp-json\/wp\/v2\/pages\/5113?add-to-cart=4353\" aria-describedby=\"woocommerce_loop_add_to_cart_link_describedby_4353\" data-quantity=\"1\" class=\"viewcart-style-2 button product_type_simple add_to_cart_button ajax_add_to_cart\" data-product_id=\"4353\" data-product_sku=\"00002-3\" aria-label=\"Add to cart: \u201cAlligator-like(black)\u201d\" rel=\"nofollow\" data-success_message=\"\u201cAlligator-like(black)\u201d has been added to your cart\" role=\"button\" data-no-translation=\"\" data-trp-gettext=\"\" data-no-translation-aria-label=\"\" data-no-translation-data-success_message=\"\">\u012e krep\u0161el\u012f<\/a>\t\t<span id=\"woocommerce_loop_add_to_cart_link_describedby_4353\" class=\"screen-reader-text\">\r\n\t\t\t<\/span>\r\n\t\t<div class=\"quickview\" data-id=\"4353\" title=\"Greita per\u017ei\u016bra\">Greita per\u017ei\u016bra<\/div>\t<\/div>\r\n\t<\/div>\r\n\t\t<\/div>\r\n\t\t\t<\/div>\r\n\r\n\t<div class=\"product-content\">\r\n\t\t<span class=\"category-list\"><a href=\"https:\/\/security-ceo.com\/lt\/produkto-kategorija\/key-fobs\/\" rel=\"tag\">Prieigos valdymo rakt\u0173 pakabukai<\/a><\/span>\r\n\t\t\t<a class=\"product-loop-title\"  href=\"https:\/\/security-ceo.com\/lt\/produktas\/43098201005420802272e000021\/\">\r\n\t<h3 class=\"woocommerce-loop-product__title\">Alligator-like(black)<\/h3>\t<\/a>\r\n\t\r\n\t\t\n\t<span class=\"price\"><span class=\"woocommerce-Price-amount amount\"><bdi><span class=\"woocommerce-Price-currencySymbol\">&pound;<\/span>20.00<\/bdi><\/span> <small class=\"woocommerce-price-suffix\">+ VAT<\/small><\/span>\n\r\n\t\t\t<\/div>\r\n<\/div>\r\n\r\n<\/li>\r\n\r\n<li role=\"none\" class=\"product-col product-outimage_aq_onimage product type-product post-4354 status-publish last instock product_cat-key-fobs has-post-thumbnail featured taxable shipping-taxable purchasable product-type-simple\">\r\n<div class=\"product-inner\">\r\n\t\r\n\t<div class=\"product-image\">\r\n\r\n\t\t<a  href=\"https:\/\/security-ceo.com\/lt\/produktas\/43098201005420802272e000022\/\" aria-label=\"Go to product page\">\r\n\t\t\t<div class=\"inner\"><img decoding=\"async\" width=\"2560\" height=\"2560\" src=\"https:\/\/security-ceo.com\/wp-content\/uploads\/2023\/05\/68A5051-copy-scaled.jpg\" class=\"attachment-woocommerce_thumbnail size-woocommerce_thumbnail\" alt=\"Woven Leather-like(black)\" \/><\/div>\t\t<\/a>\r\n\t\t\t<div class=\"links-on-image\">\r\n\t\t\t<div class=\"add-links-wrap\">\r\n\t<div class=\"add-links clearfix\">\r\n\t\t<a href=\"\/lt\/wp-json\/wp\/v2\/pages\/5113?add-to-cart=4354\" aria-describedby=\"woocommerce_loop_add_to_cart_link_describedby_4354\" data-quantity=\"1\" class=\"viewcart-style-2 button product_type_simple add_to_cart_button ajax_add_to_cart\" data-product_id=\"4354\" data-product_sku=\"00002-2\" aria-label=\"Add to cart: \u201cWoven Leather-like(black)\u201d\" rel=\"nofollow\" data-success_message=\"\u201cWoven Leather-like(black)\u201d has been added to your cart\" role=\"button\" data-no-translation=\"\" data-trp-gettext=\"\" data-no-translation-aria-label=\"\" data-no-translation-data-success_message=\"\">\u012e krep\u0161el\u012f<\/a>\t\t<span id=\"woocommerce_loop_add_to_cart_link_describedby_4354\" class=\"screen-reader-text\">\r\n\t\t\t<\/span>\r\n\t\t<div class=\"quickview\" data-id=\"4354\" title=\"Greita per\u017ei\u016bra\">Greita per\u017ei\u016bra<\/div>\t<\/div>\r\n\t<\/div>\r\n\t\t<\/div>\r\n\t\t\t<\/div>\r\n\r\n\t<div class=\"product-content\">\r\n\t\t<span class=\"category-list\"><a href=\"https:\/\/security-ceo.com\/lt\/produkto-kategorija\/key-fobs\/\" rel=\"tag\">Prieigos valdymo rakt\u0173 pakabukai<\/a><\/span>\r\n\t\t\t<a class=\"product-loop-title\"  href=\"https:\/\/security-ceo.com\/lt\/produktas\/43098201005420802272e000022\/\">\r\n\t<h3 class=\"woocommerce-loop-product__title\">Woven Leather-like(black)<\/h3>\t<\/a>\r\n\t\r\n\t\t\n\t<span class=\"price\"><span class=\"woocommerce-Price-amount amount\"><bdi><span class=\"woocommerce-Price-currencySymbol\">&pound;<\/span>20.00<\/bdi><\/span> <small class=\"woocommerce-price-suffix\">+ VAT<\/small><\/span>\n\r\n\t\t\t<\/div>\r\n<\/div>\r\n\r\n<\/li>\r\n<\/ul>\r\n<\/div><div class=\"porto-btn-ctn-center\"><a class=\"porto-btn porto-adjust-bottom-margin porto-btn-large porto-btn-no-hover-bg   wpb_custom_0f0a154dc24d05d4d1b04747805111fa  porto-btn-center\" title='Parduotuv\u0117' rel='' href = \"https:\/\/security-ceo.com\/index.php\/shop\/\"  data-hover=\"\" data-border-color=\"\" data-bg=\"#000000\" data-hover-bg=\"\" data-border-hover=\"\" data-shadow-click=\"none\" data-shadow=\"\" style=\"border:none;background: #000000;color: #cea33e;\"><span class=\"porto-btn-hover\"><\/span><span class=\"porto-btn-data porto-btn-text\" >PARDUOTUV\u0116<\/span><\/a><\/div><\/div><\/div><\/div><\/div><\/div><div class=\"vc_row wpb_row row top-row vc_custom_1756884331713 text-center vc_row-has-fill vc_row-o-equal-height vc_row-o-content-top vc_row-flex wpb_custom_034b39d9bc6c6b310d69e39f0ccf274f\"><div class=\"vc_column_container col-md-4 text-center\"><div class=\"wpb_wrapper vc_column-inner\"><div class=\"porto-ultimate-content-box-container\"><div class=\"porto-ultimate-content-box has-content-pos justify-content-center porto_ucb_e35a9346cd70594d63c013acc42ebe9d\" style=\"background-color:#ffffff;\" data-bg=\"#ffffff\">\r\n\t<div class=\"wpb_text_column wpb_content_element vc_custom_1720033657999 wpb_custom_7c91d232724f73626cc933bd95b25ff0\" >\r\n\t\t<div class=\"wpb_wrapper\">\r\n\t\t\t<h4 style=\"text-align: left;\"><\/h4>\n<h4 style=\"text-align: left;\">Access Control<\/h4>\n<p style=\"text-align: left;\"><strong>Current Climate:<\/strong> Regulating access to buildings and sensitive areas is essential for protecting people and property.<br \/>\n<strong>Our Solution:<\/strong> Our advanced access control systems, including biometric and card-based entry solutions, ensure only authorized individuals can enter secured areas, enhancing overall security.<\/p>\n\r\n\t\t<\/div>\r\n\t<\/div>\r\n<\/div><\/div><\/div><\/div><div class=\"vc_column_container col-md-4 text-center\"><div class=\"wpb_wrapper vc_column-inner\"><div class=\"porto-ultimate-content-box-container\"><div class=\"porto-ultimate-content-box has-content-pos justify-content-center porto_ucb_e35a9346cd70594d63c013acc42ebe9d\" style=\"background-color:#ffffff;\" data-bg=\"#ffffff\">\r\n\t<div class=\"wpb_text_column wpb_content_element vc_custom_1757932421805 wpb_custom_7c91d232724f73626cc933bd95b25ff0\" >\r\n\t\t<div class=\"wpb_wrapper\">\r\n\t\t\t<h4 style=\"text-align: left;\"><\/h4>\n<h4 style=\"text-align: left;\">Electric Gate Systems<\/h4>\n<p style=\"text-align: left;\"><strong>Current Climate:<\/strong> Secure perimeter access is critical for residential and commercial properties to prevent unauthorized entry.<br \/>\n<strong>Our Solution:<\/strong> We design and install robust electric gate systems, providing controlled access and increased security for your property.<\/p>\n\r\n\t\t<\/div>\r\n\t<\/div>\r\n<\/div><\/div><\/div><\/div><div class=\"vc_column_container col-md-4\"><div class=\"wpb_wrapper vc_column-inner\"><div class=\"porto-ultimate-content-box-container\"><div class=\"porto-ultimate-content-box has-content-pos justify-content-center porto_ucb_e35a9346cd70594d63c013acc42ebe9d\" style=\"background-color:#ffffff;\" data-bg=\"#ffffff\">\r\n\t<div class=\"wpb_text_column wpb_content_element vc_custom_1720033732807 wpb_custom_7c91d232724f73626cc933bd95b25ff0\" >\r\n\t\t<div class=\"wpb_wrapper\">\r\n\t\t\t<h4 style=\"text-align: left;\"><\/h4>\n<h4 style=\"text-align: left;\">Private Security Services<\/h4>\n<p style=\"text-align: left;\"><strong>Current Climate:<\/strong> The need for personalized security services is growing, with individuals and businesses seeking tailored protection solutions.<br \/>\n<strong>Our Solution:<\/strong> Our private security services include personal bodyguards, residential security teams, and executive protection, ensuring comprehensive safety for high-profile individuals and their properties.<\/p>\n\r\n\t\t<\/div>\r\n\t<\/div>\r\n<\/div><\/div><\/div><\/div><\/div><div class=\"vc_row wpb_row top-row vc_custom_1719953984687 no-padding vc_row-has-fill porto-inner-container wpb_custom_034b39d9bc6c6b310d69e39f0ccf274f\"><div class=\"porto-wrap-container container\"><div class=\"row align-items-center\"><div class=\"col-sm-6 vc_column_container col-md-6 col-lg-3\" data-appear-animation=\"fadeInUp\" data-appear-animation-delay=\"200\"><div class=\"wpb_wrapper vc_column-inner\"><a aria-label=\"PAGALBA KLIENTAMS\" class=\"porto-sicon-box-link\" href=\"\/lt\/contact-us\/\"><div class=\"porto-sicon-box px-3 px-xl-4  wpb_custom_159d2a3f73f0c9cdcf40db33f3c78e2b style_1 top-icon\"><div class=\"porto-sicon-top\"><div class=\"porto-just-icon-wrapper porto-icon none\" style=\"color:#cea33e;font-size:35px;\"><i class=\"Simple-Line-Icons-earphones-alt\"><\/i><\/div><\/div><div class=\"porto-sicon-header\"><h3 class=\"porto-sicon-title\" style=\"font-weight:700;font-size:1.25rem;color:#cea33e;line-height:1.2;\">PAGALBA KLIENTAMS<\/h3><p style=\"font-weight:600;font-size:0.875rem;line-height:1;color:rgba(255,255,255,0.7);\">Reikia pagalbos?<\/p><\/div> <!-- header --><\/div><!-- porto-sicon-box --><\/a><\/div><\/div><div class=\"col-sm-6 vc_column_container col-md-6 col-lg-3\" data-appear-animation=\"fadeInUp\" data-appear-animation-delay=\"400\"><div class=\"wpb_wrapper vc_column-inner\"><div class=\"porto-sicon-box  wpb_custom_d087b2dd0290a1a68f0560b5234ada4d style_1 top-icon\"><div class=\"porto-sicon-top\"><div class=\"porto-just-icon-wrapper porto-icon none\" style=\"color:var(--porto-light-color);font-size:32px;\"><i class=\"fas fa-credit-card\"><\/i><\/div><\/div><div class=\"porto-sicon-header\"><h3 class=\"porto-sicon-title\" style=\"\">U\u017dTIKRINTAS MOK\u0116JIMAS<\/h3><p>Saugus ir greitas<\/p><\/div> <!-- header --><\/div><!-- porto-sicon-box --><\/div><\/div><div class=\"col-sm-6 vc_column_container col-md-6 col-lg-3\" data-appear-animation=\"fadeInUp\" data-appear-animation-delay=\"600\"><div class=\"wpb_wrapper vc_column-inner\"><div class=\"porto-sicon-box px-3 px-xl-4  wpb_custom_159d2a3f73f0c9cdcf40db33f3c78e2b style_1 top-icon\"><div class=\"porto-sicon-top\"><div class=\"porto-just-icon-wrapper porto-icon none\" style=\"color:#cea33e;font-size:35px;\"><i class=\"Simple-Line-Icons-action-undo\"><\/i><\/div><\/div><div class=\"porto-sicon-header\"><h3 class=\"porto-sicon-title\" style=\"font-weight:700;font-size:1.25rem;color:#cea33e;line-height:1.2;\">NEMOKAMAS GR\u0104\u017dINIMAS<\/h3><p style=\"font-weight:600;font-size:0.875rem;line-height:1;color:rgba(255,255,255,0.7);\">Easy &amp; Free<\/p><\/div> <!-- header --><\/div><!-- porto-sicon-box --><\/div><\/div><div class=\"col-sm-6 vc_column_container col-md-6 col-lg-3\" data-appear-animation=\"fadeInUp\" data-appear-animation-delay=\"800\"><div class=\"wpb_wrapper vc_column-inner\"><\/div><\/div><\/div><\/div><\/div><section class=\"vc_section\"><\/section>\n<\/div>","protected":false},"excerpt":{"rendered":"Welcome to Security CEO Leading security services provider FutureSafe TechnologyYour Lifeline in Emergencies CCTVAdvanced surveillance technologies Fire AlarmCrucial safety devices Electrical InstallationWiring, fixtures, and equipment necessary ALL SERVICESAccessories Shop \u012e krep\u0161el\u012f Quick View Access Control Key Fobs Stainless Steel Frame, (White) with golden yellow logo &pound;25.00 + VAT \u012e krep\u0161el\u012f Quick View Access [...]","protected":false},"author":1,"featured_media":0,"parent":0,"menu_order":0,"comment_status":"closed","ping_status":"closed","template":"","meta":{"_acf_changed":false,"nf_dc_page":"","footnotes":""},"class_list":["post-5113","page","type-page","status-publish","hentry"],"acf":[],"_links":{"self":[{"href":"https:\/\/security-ceo.com\/lt\/wp-json\/wp\/v2\/pages\/5113","targetHints":{"allow":["GET"]}}],"collection":[{"href":"https:\/\/security-ceo.com\/lt\/wp-json\/wp\/v2\/pages"}],"about":[{"href":"https:\/\/security-ceo.com\/lt\/wp-json\/wp\/v2\/types\/page"}],"author":[{"embeddable":true,"href":"https:\/\/security-ceo.com\/lt\/wp-json\/wp\/v2\/users\/1"}],"replies":[{"embeddable":true,"href":"https:\/\/security-ceo.com\/lt\/wp-json\/wp\/v2\/comments?post=5113"}],"version-history":[{"count":21,"href":"https:\/\/security-ceo.com\/lt\/wp-json\/wp\/v2\/pages\/5113\/revisions"}],"predecessor-version":[{"id":8167,"href":"https:\/\/security-ceo.com\/lt\/wp-json\/wp\/v2\/pages\/5113\/revisions\/8167"}],"wp:attachment":[{"href":"https:\/\/security-ceo.com\/lt\/wp-json\/wp\/v2\/media?parent=5113"}],"curies":[{"name":"wp","href":"https:\/\/api.w.org\/{rel}","templated":true}]}}