{"id":55,"date":"2016-06-13T15:48:45","date_gmt":"2016-06-13T15:48:45","guid":{"rendered":"http:\/\/sw-themes.com\/porto_dummy\/?page_id=55"},"modified":"2024-07-02T18:27:46","modified_gmt":"2024-07-02T17:27:46","slug":"about-us","status":"publish","type":"page","link":"https:\/\/security-ceo.com\/lt\/about-us\/","title":{"rendered":"Apie Mus"},"content":{"rendered":"<div class=\"wpb-content-wrapper\"><div class=\"vc_row wpb_row top-row vc_custom_1532061717202 section section-parallax mt-0 section-no-borders porto-inner-container wpb_custom_034b39d9bc6c6b310d69e39f0ccf274f\"><div class=\"porto-wrap-container container\"><div class=\"row\"><div class=\"vc_column_container col-md-12 col-lg-6\"><div class=\"wpb_wrapper vc_column-inner\">\r\n\t<div class=\"wpb_single_image wpb_content_element vc_align_left wpb_content_element  wpb_custom_81a4f7ef9830bf958462581aa01150fb\"><div class=\"wpb_wrapper\">\r\n\t\t\t\r\n\t\t\t<div class=\"vc_single_image-wrapper   vc_box_border_grey\"><img decoding=\"async\" width=\"1054\" height=\"713\" src=\"https:\/\/security-ceo.com\/wp-content\/uploads\/2023\/04\/bag-sec-ceo.webp\" class=\"vc_single_image-img attachment-full\" alt=\"\" title=\"bag-sec-ceo\" srcset=\"https:\/\/security-ceo.com\/wp-content\/uploads\/2023\/04\/bag-sec-ceo.webp 1054w, https:\/\/security-ceo.com\/wp-content\/uploads\/2023\/04\/bag-sec-ceo-1024x693.webp 1024w, https:\/\/security-ceo.com\/wp-content\/uploads\/2023\/04\/bag-sec-ceo-768x520.webp 768w, https:\/\/security-ceo.com\/wp-content\/uploads\/2023\/04\/bag-sec-ceo-640x433.webp 640w, https:\/\/security-ceo.com\/wp-content\/uploads\/2023\/04\/bag-sec-ceo-400x271.webp 400w, https:\/\/security-ceo.com\/wp-content\/uploads\/2023\/04\/bag-sec-ceo-600x406.webp 600w\" sizes=\"(max-width: 1054px) 100vw, 1054px\" \/><\/div>\r\n\t\t<\/div>\r\n\t<\/div>\r\n<\/div><\/div><div class=\"ps-lg-5 vc_column_container col-md-12 col-lg-6 vc_custom_1529913695250\"><div class=\"wpb_wrapper vc_column-inner\"><div class=\"porto-u-heading  wpb_custom_95aa9a11c17ad45cfabaf210d84ee7cc porto-u-ad87e2eaf3f9c495180fe0156ddf3eb0\"><div class=\"porto-u-main-heading\"><h2   style=\"font-family:Oswald;font-size:26px;\">KAS MES ESAME<\/h2><\/div><style>.porto-u-ad87e2eaf3f9c495180fe0156ddf3eb0.porto-u-heading{text-align:left}<\/style><\/div>\r\n\t<div class=\"wpb_text_column wpb_content_element content-row wpb_custom_7c91d232724f73626cc933bd95b25ff0\" >\r\n\t\t<div class=\"wpb_wrapper\">\r\n\t\t\t<div dir=\"auto\">A\u0161 Paulius Sauliunas, Direktorius SECURITY CEO LTD.<\/div>\n<div dir=\"auto\">Leiskite pasinaudoti proga ir pristatyti m\u016bs\u0173 nauj\u0105, bet greitai augan\u010di\u0105 \u012fmon\u0119. Asmeni\u0161kai dirbu saugos in\u017einerijos pramon\u0117je daugiau nei 15 met\u0173, o jau daugiau nei 8 metus esu savo \u012fmon\u0117s direktorius (SECURITY CEO LTD).<\/div>\n<div dir=\"auto\"><\/div>\n<div dir=\"auto\">SECURITY CEO LTD s\u0117kmingai imasi naujo projekto Kensingtono ir \u010celsio karali\u0161kajame rajone. Esame auk\u0161tos kokyb\u0117s apsaugos sistem\u0173 specialistas J\u016bs\u0173 nam\u0173 ir verslo poreikiams. Vykdome \u012fvairi\u0105 veikl\u0105, \u012fskaitant \u012fvairi\u0173 CCTV, prieigos kontrol\u0117s, \u012fsibrovimo signalizacijos, gaisro signalizacijos, tinklo, elektrini\u0173 vart\u0173 sistem\u0173, elektros instaliacijos ir prie\u017ei\u016bros sutartis.<\/div>\n<div dir=\"auto\"><\/div>\n<div dir=\"auto\">Tikiu, kad galime b\u016bti geriausias j\u016bs\u0173 pasirinkimas siekiant geresn\u0117s ateities. Nedvejodami susisiekite su mumis kuo anks\u010diau, kad aptartum\u0117te id\u0117jas ir bet kokius klausimus, susijusius su m\u016bs\u0173 paslauga.<\/div>\n<div dir=\"auto\"><\/div>\n<div dir=\"auto\">D\u0117kojame u\u017e j\u016bs\u0173 laik\u0105 ir laukiu j\u016bs\u0173 \u017einu\u010di\u0173.<\/div>\n\r\n\t\t<\/div>\r\n\t<\/div>\r\n<\/div><\/div><\/div><\/div><\/div><div class=\"vc_row wpb_row top-row container-top-border vc_custom_1532074452858 porto-inner-container wpb_custom_034b39d9bc6c6b310d69e39f0ccf274f\"><div class=\"porto-wrap-container container\"><div class=\"row\"><div class=\"vc_column_container col-md-4\"><div class=\"wpb_wrapper vc_column-inner\"><div class=\"porto-u-heading  wpb_custom_95aa9a11c17ad45cfabaf210d84ee7cc porto-u-ad87e2eaf3f9c495180fe0156ddf3eb0\"><div class=\"porto-u-main-heading\"><h2   style=\"font-family:Oswald;margin-bottom: 20px;font-size:26px;\">Apsauga<\/h2><\/div><div class=\"porto-u-sub-heading\" style=\"color: #555555;font-size:14px;line-height:28px;\">Saugos paslaugos gali pad\u0117ti apsaugoti asmenis, \u012fmones ir organizacijas nuo \u012fvairi\u0173 gr\u0117smi\u0173, \u012fskaitant fizines vagystes, kibernetines atakas ir vandalizm\u0105. Naudodamiesi saugos paslaugomis, \u017emon\u0117s gali jaustis saugiau kasdieniame gyvenime ir suma\u017einti rizik\u0105 b\u016bti nusikalt\u0117li\u0173 taikiniu.<\/div><style>.porto-u-ad87e2eaf3f9c495180fe0156ddf3eb0.porto-u-heading{text-align:left}<\/style><\/div><\/div><\/div><div class=\"vc_column_container col-md-4\"><div class=\"wpb_wrapper vc_column-inner\"><div class=\"porto-u-heading  wpb_custom_95aa9a11c17ad45cfabaf210d84ee7cc porto-u-ad87e2eaf3f9c495180fe0156ddf3eb0\"><div class=\"porto-u-main-heading\"><h2   style=\"font-family:Oswald;margin-bottom: 20px;font-size:26px;\">Profesionalumas<\/h2><\/div><div class=\"porto-u-sub-heading\" style=\"color: #555555;font-size:14px;line-height:28px;\">Apsaugos paslaug\u0173 \u012fmon\u0117se da\u017enai dirba savo srities ekspertai, \u012fskaitant apsaugos darbuotojus, kibernetinio saugumo specialistus, rizikos vertintojus. \u0160ie ekspertai turi \u017eini\u0173 ir patirties, reikalingos galimoms gr\u0117sm\u0117ms nustatyti ir efektyvioms saugumo pa\u017eeidim\u0173 prevencijos ir reagavimo \u012f juos strategijas sukurti.<\/div><style>.porto-u-ad87e2eaf3f9c495180fe0156ddf3eb0.porto-u-heading{text-align:left}<\/style><\/div><\/div><\/div><div class=\"vc_column_container col-md-4\"><div class=\"wpb_wrapper vc_column-inner\"><div class=\"porto-u-heading  wpb_custom_95aa9a11c17ad45cfabaf210d84ee7cc porto-u-ad87e2eaf3f9c495180fe0156ddf3eb0\"><div class=\"porto-u-main-heading\"><h2   style=\"font-family:Oswald;margin-bottom: 20px;font-size:26px;\">Ramyb\u0117<\/h2><\/div><div class=\"porto-u-sub-heading\" style=\"color: #555555;font-size:14px;line-height:28px;\">Naudodamiesi saugos paslaugomis asmenys ir \u012fmon\u0117s gali m\u0117gautis ramybe, \u017einodami, kad \u0117m\u0117si priemoni\u0173 apsaugoti savo turt\u0105 ir suma\u017einti rizik\u0105. Tai gali pad\u0117ti suma\u017einti stres\u0105 ir nerim\u0105, tod\u0117l \u017emon\u0117s gali sutelkti d\u0117mes\u012f \u012f kitus svarbius savo gyvenimo ar darbo aspektus.<\/div><style>.porto-u-ad87e2eaf3f9c495180fe0156ddf3eb0.porto-u-heading{text-align:left}<\/style><\/div><\/div><\/div><\/div><\/div><\/div><div data-original=\"\/\/sw-themes.com\/porto_dummy\/wp-content\/uploads\/2018\/07\/middle-bg.jpg?id=1630\" class=\"vc_row wpb_row top-row vc_custom_1532075689584 text-center vc_row-has-fill porto-inner-container porto-lazyload wpb_custom_034b39d9bc6c6b310d69e39f0ccf274f\"><div class=\"porto-wrap-container container\"><div class=\"row\"><div class=\"vc_column_container col-md-1-5\"><div class=\"wpb_wrapper vc_column-inner\"><div class=\"stats-block stats-top  inline-block  wpb_custom_a517333ace5b1666c6af8bd4684f1de9  vc_custom_1682771692652\" data-appear-animation=\"bounceIn\"><div class=\"stats-desc\"><div id=\"counter_152173444169f3abcf9b66b\" data-id=\"counter_152173444169f3abcf9b66b\" class=\"stats-number\" style=\" font-family:&#039;Oswald&#039;;font-weight:400;font-size:38px;color:#ffffff;\" data-speed=\"3\" data-counter-value=\"1000\" data-separator=\"none\" data-decimal=\"none\">0<\/div><div class=\"counter_suffix mycust\" style=\" font-family:&#039;Oswald&#039;;font-weight:400;font-size:38px;color:#ffffff\">+<\/div><div class=\"stats-text\" style=\"font-weight:400;font-size:18px;line-height:36px;color:#ffffff;\">Parduoti Produktai<\/div><\/div><\/div><\/div><\/div><div class=\"vc_column_container col-md-1-5\"><div class=\"wpb_wrapper vc_column-inner\"><div class=\"stats-block stats-top  inline-block  wpb_custom_a517333ace5b1666c6af8bd4684f1de9  vc_custom_1682771717826\" data-appear-animation=\"bounceIn\"><div class=\"stats-desc\"><div id=\"counter_182588003869f3abcf9bbed\" data-id=\"counter_182588003869f3abcf9bbed\" class=\"stats-number\" style=\" font-family:&#039;Oswald&#039;;font-weight:400;font-size:38px;color:#ffffff;\" data-speed=\"3\" data-counter-value=\"100\" data-separator=\"none\" data-decimal=\"none\">0<\/div><div class=\"counter_suffix mycust\" style=\" font-family:&#039;Oswald&#039;;font-weight:400;font-size:38px;color:#ffffff\">+<\/div><div class=\"stats-text\" style=\"font-weight:400;font-size:18px;line-height:36px;color:#ffffff;\">Laimingi Klientai<\/div><\/div><\/div><\/div><\/div><div class=\"vc_column_container col-md-1-5\"><div class=\"wpb_wrapper vc_column-inner\"><div class=\"stats-block stats-top  inline-block  wpb_custom_a517333ace5b1666c6af8bd4684f1de9  vc_custom_1682771726883\" data-appear-animation=\"bounceIn\"><div class=\"stats-desc\"><div id=\"counter_174543999269f3abcf9c2af\" data-id=\"counter_174543999269f3abcf9c2af\" class=\"stats-number\" style=\" font-family:&#039;Oswald&#039;;font-weight:400;font-size:38px;color:#ffffff;\" data-speed=\"3\" data-counter-value=\"10\" data-separator=\"none\" data-decimal=\"none\">0<\/div><div class=\"counter_suffix mycust\" style=\" font-family:&#039;Oswald&#039;;font-weight:400;font-size:38px;color:#ffffff\">+<\/div><div class=\"stats-text\" style=\"font-weight:400;font-size:18px;line-height:36px;color:#ffffff;\">Darbuotojai<\/div><\/div><\/div><\/div><\/div><div class=\"vc_column_container col-md-1-5\"><div class=\"wpb_wrapper vc_column-inner\"><div class=\"stats-block stats-top  inline-block  wpb_custom_a517333ace5b1666c6af8bd4684f1de9  vc_custom_1682771744873\" data-appear-animation=\"bounceIn\"><div class=\"stats-desc\"><div id=\"counter_210899210369f3abcf9c716\" data-id=\"counter_210899210369f3abcf9c716\" class=\"stats-number\" style=\" font-family:&#039;Oswald&#039;;font-weight:400;font-size:38px;color:#ffffff;\" data-speed=\"3\" data-counter-value=\"10\" data-separator=\"none\" data-decimal=\"none\">0<\/div><div class=\"counter_suffix mycust\" style=\" font-family:&#039;Oswald&#039;;font-weight:400;font-size:38px;color:#ffffff\">+<\/div><div class=\"stats-text\" style=\"font-weight:400;font-size:18px;line-height:36px;color:#ffffff;\">Produktai<\/div><\/div><\/div><\/div><\/div><div class=\"vc_column_container col-md-1-5\"><div class=\"wpb_wrapper vc_column-inner\"><div class=\"stats-block stats-top  inline-block  wpb_custom_a517333ace5b1666c6af8bd4684f1de9  vc_custom_1532075634921\" data-appear-animation=\"bounceIn\"><div class=\"stats-desc\"><div id=\"counter_175544106869f3abcf9d1c1\" data-id=\"counter_175544106869f3abcf9d1c1\" class=\"stats-number\" style=\" font-family:&#039;Oswald&#039;;font-weight:400;font-size:38px;color:#ffffff;\" data-speed=\"3\" data-counter-value=\"24\" data-separator=\"none\" data-decimal=\"none\">0<\/div><div class=\"counter_suffix mycust\" style=\" font-family:&#039;Oswald&#039;;font-weight:400;font-size:38px;color:#ffffff\">HR+<\/div><div class=\"stats-text\" style=\"font-weight:400;font-size:18px;line-height:36px;color:#ffffff;\">Pagalba Teikiama<\/div><\/div><\/div><\/div><\/div><\/div><\/div><\/div>\n<\/div>","protected":false},"excerpt":{"rendered":"WHO WE ARE I\u2019m Paulius Sauliunas, Director of SECURITY CEO LTD. Let me take this opportunity to introduce our new but quickly growing company. I\u00a0have personally been in the Security Engineering industry for over 15 years, and already\u00a0over just 8 years I\u2019m the director of my own company - (SECURITY CEO LTD). SECURITY CEO LTD [...]","protected":false},"author":1,"featured_media":0,"parent":0,"menu_order":0,"comment_status":"closed","ping_status":"closed","template":"","meta":{"_acf_changed":false,"nf_dc_page":"","footnotes":""},"class_list":["post-55","page","type-page","status-publish","hentry"],"acf":[],"_links":{"self":[{"href":"https:\/\/security-ceo.com\/lt\/wp-json\/wp\/v2\/pages\/55","targetHints":{"allow":["GET"]}}],"collection":[{"href":"https:\/\/security-ceo.com\/lt\/wp-json\/wp\/v2\/pages"}],"about":[{"href":"https:\/\/security-ceo.com\/lt\/wp-json\/wp\/v2\/types\/page"}],"author":[{"embeddable":true,"href":"https:\/\/security-ceo.com\/lt\/wp-json\/wp\/v2\/users\/1"}],"replies":[{"embeddable":true,"href":"https:\/\/security-ceo.com\/lt\/wp-json\/wp\/v2\/comments?post=55"}],"version-history":[{"count":21,"href":"https:\/\/security-ceo.com\/lt\/wp-json\/wp\/v2\/pages\/55\/revisions"}],"predecessor-version":[{"id":5112,"href":"https:\/\/security-ceo.com\/lt\/wp-json\/wp\/v2\/pages\/55\/revisions\/5112"}],"wp:attachment":[{"href":"https:\/\/security-ceo.com\/lt\/wp-json\/wp\/v2\/media?parent=55"}],"curies":[{"name":"wp","href":"https:\/\/api.w.org\/{rel}","templated":true}]}}